{"id":143,"date":"2020-09-21T19:43:59","date_gmt":"2020-09-21T19:43:59","guid":{"rendered":"https:\/\/paysagistelaprairie.com\/projects\/"},"modified":"2026-03-24T20:48:26","modified_gmt":"2026-03-24T20:48:26","slug":"projects","status":"publish","type":"page","link":"https:\/\/paysagistelaprairie.com\/en\/projects\/","title":{"rendered":"PROJECTS"},"content":{"rendered":"\n<h2>\n\t\t\tOUR LATEST PROJECTS\t<\/h2>\n\t\t<h3>Pr\u00eat \u00e0 aller de l&#8217;avant avec votre projet ?<\/h3>\n\t\t<p>Contactez-nous d\u00e8s aujourd&#8217;hui pour obtenir une estimation gratuite pour votre projet.<\/p>\n\t\t\t<a href=\"https:\/\/paysagistelaprairie.com\/contact\/\"  target=\"_self\">\n\t\t\t\t\t\t\t514 570-1852\n\t\t\t\t\t<\/a>\n\t<iframe src=\"https:\/\/www.google.com\/maps\/embed\/v1\/place?q=Paysagiste+Normand+De+Montigny%0A675%2C+Bernier%2C+local+103%0ALaprairie%2C+QC%2C+J5R+5W6&#038;key=AIzaSyD09zQ9PNDNNy9TadMuzRV_UsPUoWKntt8\" aria-hidden=\"true\" title=\"Paysagiste Normand De Montigny\"><\/iframe>\n<figure itemscope itemtype=\"https:\/\/schema.org\/ImageObject\">\n\t\t\t\t<img decoding=\"async\" src=\"https:\/\/paysagistelaprairie.com\/wp-content\/uploads\/2020\/09\/logo-final-2020_normand-de-montigny-paysagiste.png\" alt=\"logo-final-2020_normand-de-montigny-paysagiste\" height=\"525\" width=\"1697\" title=\"logo-final-2020_normand-de-montigny-paysagiste\" onerror=\"this.style.display='none'\" loading=\"lazy\" \/>\n\t<\/figure>\n\t675, rue Bernier, Local #103<br \/>\nLaprairie, Qu\u00e9bec J5R 5W6\n<h4>\n\t\t\t514 570\u20111852\t<\/h4>\n\t\t\t<h5>Techo Pro Certified<\/h5>\t\t\t\n\t\t\t\t<p>We meet the requirements of Techo Bloc&#8217;s Techo Pro program, making our company a certified team.<\/p>\n<a href=\"https:\/\/paysagistelaprairie.com\/wp-content\/uploads\/2026\/03\/certification-Techo-Pro.pdf\" target=\"_blank\" rel=\"noopener\">Know more <\/a>\t\t\t\n\n","protected":false},"excerpt":{"rendered":"<p>OUR LATEST PROJECTS Pr\u00eat \u00e0 aller de l&#8217;avant avec votre projet ? Contactez-nous d\u00e8s aujourd&#8217;hui pour obtenir une estimation gratuite pour votre projet. 514 570-1852 675, rue Bernier, Local #103 Laprairie, Qu\u00e9bec J5R 5W6 514 570\u20111852 Techo Pro Certified We meet the requirements of Techo Bloc&#8217;s Techo Pro program, making our company a certified team.&hellip;<\/p>\n","protected":false},"author":1,"featured_media":0,"parent":0,"menu_order":0,"comment_status":"closed","ping_status":"closed","template":"","meta":{"footnotes":""},"class_list":["post-143","page","type-page","status-publish","hentry"],"_links":{"self":[{"href":"https:\/\/paysagistelaprairie.com\/en\/wp-json\/wp\/v2\/pages\/143","targetHints":{"allow":["GET"]}}],"collection":[{"href":"https:\/\/paysagistelaprairie.com\/en\/wp-json\/wp\/v2\/pages"}],"about":[{"href":"https:\/\/paysagistelaprairie.com\/en\/wp-json\/wp\/v2\/types\/page"}],"author":[{"embeddable":true,"href":"https:\/\/paysagistelaprairie.com\/en\/wp-json\/wp\/v2\/users\/1"}],"replies":[{"embeddable":true,"href":"https:\/\/paysagistelaprairie.com\/en\/wp-json\/wp\/v2\/comments?post=143"}],"version-history":[{"count":4,"href":"https:\/\/paysagistelaprairie.com\/en\/wp-json\/wp\/v2\/pages\/143\/revisions"}],"predecessor-version":[{"id":236,"href":"https:\/\/paysagistelaprairie.com\/en\/wp-json\/wp\/v2\/pages\/143\/revisions\/236"}],"wp:attachment":[{"href":"https:\/\/paysagistelaprairie.com\/en\/wp-json\/wp\/v2\/media?parent=143"}],"curies":[{"name":"wp","href":"https:\/\/api.w.org\/{rel}","templated":true}]}}